{"id":93,"date":"2022-07-22T15:15:12","date_gmt":"2022-07-22T15:15:12","guid":{"rendered":"https:\/\/epsai.com.ar\/sitioweb\/?page_id=93"},"modified":"2022-08-08T15:38:48","modified_gmt":"2022-08-08T15:38:48","slug":"preparacion-de-superficies","status":"publish","type":"page","link":"https:\/\/epsai.com.ar\/sitioweb\/preparacion-de-superficies\/","title":{"rendered":"Preparaci\u00f3n de Superficies"},"content":{"rendered":"\t\t<div data-elementor-type=\"wp-page\" data-elementor-id=\"93\" class=\"elementor elementor-93\">\n\t\t\t\t\t\t<section class=\"elementor-section elementor-top-section elementor-element elementor-element-cf9c407 elementor-section-boxed elementor-section-height-default elementor-section-height-default\" data-id=\"cf9c407\" data-element_type=\"section\" data-e-type=\"section\">\n\t\t\t\t\t\t<div class=\"elementor-container elementor-column-gap-default\">\n\t\t\t\t\t<div class=\"elementor-column elementor-col-100 elementor-top-column elementor-element elementor-element-63e68ee\" data-id=\"63e68ee\" data-element_type=\"column\" data-e-type=\"column\">\n\t\t\t<div class=\"elementor-widget-wrap elementor-element-populated\">\n\t\t\t\t\t\t<div class=\"elementor-element elementor-element-434ef3d elementor-invisible elementor-widget elementor-widget-text-editor\" data-id=\"434ef3d\" data-element_type=\"widget\" data-e-type=\"widget\" data-settings=\"{&quot;_animation&quot;:&quot;fadeInRight&quot;}\" data-widget_type=\"text-editor.default\">\n\t\t\t\t<div class=\"elementor-widget-container\">\n\t\t\t\t\t\t\t\t\t<p><img decoding=\"async\" class=\"alignnone wp-image-347\" src=\"http:\/\/epsai.com.ar\/sitioweb\/wp-content\/uploads\/2022\/08\/cropped-icono-300x300.png\" alt=\"\" width=\"24\" height=\"24\" srcset=\"https:\/\/epsai.com.ar\/sitioweb\/wp-content\/uploads\/2022\/08\/cropped-icono-300x300.png 300w, https:\/\/epsai.com.ar\/sitioweb\/wp-content\/uploads\/2022\/08\/cropped-icono-150x150.png 150w, https:\/\/epsai.com.ar\/sitioweb\/wp-content\/uploads\/2022\/08\/cropped-icono.png 512w\" sizes=\"(max-width: 24px) 100vw, 24px\" \/> PREPARACI\u00d3N DE SUPERFICIES<\/p>\t\t\t\t\t\t\t\t<\/div>\n\t\t\t\t<\/div>\n\t\t\t\t<div class=\"elementor-element elementor-element-1cf2ca7 animated-slow elementor-invisible elementor-widget elementor-widget-text-editor\" data-id=\"1cf2ca7\" data-element_type=\"widget\" data-e-type=\"widget\" data-settings=\"{&quot;_animation&quot;:&quot;fadeIn&quot;}\" data-widget_type=\"text-editor.default\">\n\t\t\t\t<div class=\"elementor-widget-container\">\n\t\t\t\t\t\t\t\t\t<p>EPSAI \u00b7 Pinturas y Recubrimientos \u00b7 Venta \u00b7 Aplicaci\u00f3n \u00b7 Servicios<\/p>\t\t\t\t\t\t\t\t<\/div>\n\t\t\t\t<\/div>\n\t\t\t\t\t<\/div>\n\t\t<\/div>\n\t\t\t\t\t<\/div>\n\t\t<\/section>\n\t\t\t\t<section class=\"elementor-section elementor-top-section elementor-element elementor-element-2bb3704 elementor-section-boxed elementor-section-height-default elementor-section-height-default\" data-id=\"2bb3704\" data-element_type=\"section\" data-e-type=\"section\">\n\t\t\t\t\t\t<div class=\"elementor-container elementor-column-gap-default\">\n\t\t\t\t\t<div class=\"elementor-column elementor-col-100 elementor-top-column elementor-element elementor-element-4af4bd0\" data-id=\"4af4bd0\" data-element_type=\"column\" data-e-type=\"column\">\n\t\t\t<div class=\"elementor-widget-wrap elementor-element-populated\">\n\t\t\t\t\t\t<div class=\"elementor-element elementor-element-7ef7c43 elementor-widget elementor-widget-heading\" data-id=\"7ef7c43\" data-element_type=\"widget\" data-e-type=\"widget\" data-widget_type=\"heading.default\">\n\t\t\t\t<div class=\"elementor-widget-container\">\n\t\t\t\t\t<h3 class=\"elementor-heading-title elementor-size-default\">PREPARACI\u00d3N DE SUPERFICIES<\/h3>\t\t\t\t<\/div>\n\t\t\t\t<\/div>\n\t\t\t\t\t<\/div>\n\t\t<\/div>\n\t\t\t\t\t<\/div>\n\t\t<\/section>\n\t\t\t\t<section class=\"elementor-section elementor-top-section elementor-element elementor-element-6ff24a6 elementor-section-full_width elementor-section-height-default elementor-section-height-default\" data-id=\"6ff24a6\" data-element_type=\"section\" data-e-type=\"section\" data-settings=\"{&quot;background_background&quot;:&quot;classic&quot;}\">\n\t\t\t\t\t\t<div class=\"elementor-container elementor-column-gap-default\">\n\t\t\t\t\t<div class=\"elementor-column elementor-col-100 elementor-top-column elementor-element elementor-element-bdf18f5\" data-id=\"bdf18f5\" data-element_type=\"column\" data-e-type=\"column\">\n\t\t\t<div class=\"elementor-widget-wrap elementor-element-populated\">\n\t\t\t\t\t\t<div class=\"elementor-element elementor-element-7c916f4 elementor-widget elementor-widget-heading\" data-id=\"7c916f4\" data-element_type=\"widget\" data-e-type=\"widget\" data-widget_type=\"heading.default\">\n\t\t\t\t<div class=\"elementor-widget-container\">\n\t\t\t\t\t<h2 class=\"elementor-heading-title elementor-size-default\">ECOQUIP \u00b7 HIDROARENADO<\/h2>\t\t\t\t<\/div>\n\t\t\t\t<\/div>\n\t\t\t\t<section class=\"elementor-section elementor-inner-section elementor-element elementor-element-db3c2e1 elementor-section-boxed elementor-section-height-default elementor-section-height-default\" data-id=\"db3c2e1\" data-element_type=\"section\" data-e-type=\"section\">\n\t\t\t\t\t\t<div class=\"elementor-container elementor-column-gap-default\">\n\t\t\t\t\t<div class=\"elementor-column elementor-col-50 elementor-inner-column elementor-element elementor-element-00cfaac animated-slow elementor-invisible\" data-id=\"00cfaac\" data-element_type=\"column\" data-e-type=\"column\" data-settings=\"{&quot;animation&quot;:&quot;bounceIn&quot;}\">\n\t\t\t<div class=\"elementor-widget-wrap elementor-element-populated\">\n\t\t\t\t\t\t<div class=\"elementor-element elementor-element-5e9a844 elementor-widget elementor-widget-image\" data-id=\"5e9a844\" data-element_type=\"widget\" data-e-type=\"widget\" data-widget_type=\"image.default\">\n\t\t\t\t<div class=\"elementor-widget-container\">\n\t\t\t\t\t\t\t\t\t\t\t\t\t\t\t<img fetchpriority=\"high\" decoding=\"async\" width=\"288\" height=\"300\" src=\"https:\/\/epsai.com.ar\/sitioweb\/wp-content\/uploads\/2022\/08\/ECOQUIP-288x300.jpg\" class=\"attachment-medium size-medium wp-image-363\" alt=\"\" srcset=\"https:\/\/epsai.com.ar\/sitioweb\/wp-content\/uploads\/2022\/08\/ECOQUIP-288x300.jpg 288w, https:\/\/epsai.com.ar\/sitioweb\/wp-content\/uploads\/2022\/08\/ECOQUIP.jpg 748w\" sizes=\"(max-width: 288px) 100vw, 288px\" \/>\t\t\t\t\t\t\t\t\t\t\t\t\t\t\t<\/div>\n\t\t\t\t<\/div>\n\t\t\t\t\t<\/div>\n\t\t<\/div>\n\t\t\t\t<div class=\"elementor-column elementor-col-50 elementor-inner-column elementor-element elementor-element-8727154 animated-slow elementor-invisible\" data-id=\"8727154\" data-element_type=\"column\" data-e-type=\"column\" data-settings=\"{&quot;animation&quot;:&quot;fadeIn&quot;}\">\n\t\t\t<div class=\"elementor-widget-wrap elementor-element-populated\">\n\t\t\t\t\t\t<div class=\"elementor-element elementor-element-3b8733c elementor-widget elementor-widget-text-editor\" data-id=\"3b8733c\" data-element_type=\"widget\" data-e-type=\"widget\" data-widget_type=\"text-editor.default\">\n\t\t\t\t<div class=\"elementor-widget-container\">\n\t\t\t\t\t\t\t\t\t<p>De acuerdo a los requerimientos necesarios realizamos la preparaci\u00f3n de las superficies a pintar utilizando arenado de \u00faltima generaci\u00f3n (ECOQUIP), lavado a presi\u00f3n y con bicarbonato, hidroarenado y preparaciones manual-mec\u00e1nicas.<\/p>\t\t\t\t\t\t\t\t<\/div>\n\t\t\t\t<\/div>\n\t\t\t\t<div class=\"elementor-element elementor-element-454d0bf elementor-arrows-position-inside elementor-pagination-position-outside elementor-widget elementor-widget-image-carousel\" data-id=\"454d0bf\" data-element_type=\"widget\" data-e-type=\"widget\" data-settings=\"{&quot;slides_to_show&quot;:&quot;2&quot;,&quot;navigation&quot;:&quot;both&quot;,&quot;autoplay&quot;:&quot;yes&quot;,&quot;pause_on_hover&quot;:&quot;yes&quot;,&quot;pause_on_interaction&quot;:&quot;yes&quot;,&quot;autoplay_speed&quot;:5000,&quot;infinite&quot;:&quot;yes&quot;,&quot;speed&quot;:500}\" data-widget_type=\"image-carousel.default\">\n\t\t\t\t<div class=\"elementor-widget-container\">\n\t\t\t\t\t\t\t<div class=\"elementor-image-carousel-wrapper swiper\" role=\"region\" aria-roledescription=\"carousel\" aria-label=\"Carrusel de im\u00e1genes\" dir=\"ltr\">\n\t\t\t<div class=\"elementor-image-carousel swiper-wrapper\" aria-live=\"off\">\n\t\t\t\t\t\t\t\t<div class=\"swiper-slide\" role=\"group\" aria-roledescription=\"slide\" aria-label=\"1 de 2\"><a data-elementor-open-lightbox=\"yes\" data-elementor-lightbox-slideshow=\"454d0bf\" data-elementor-lightbox-title=\"ecoquip1\" data-e-action-hash=\"#elementor-action%3Aaction%3Dlightbox%26settings%3DeyJpZCI6MzY1LCJ1cmwiOiJodHRwczpcL1wvZXBzYWkuY29tLmFyXC9zaXRpb3dlYlwvd3AtY29udGVudFwvdXBsb2Fkc1wvMjAyMlwvMDhcL2Vjb3F1aXAxLmpwZyIsInNsaWRlc2hvdyI6IjQ1NGQwYmYifQ%3D%3D\" href=\"https:\/\/epsai.com.ar\/sitioweb\/wp-content\/uploads\/2022\/08\/ecoquip1.jpg\"><figure class=\"swiper-slide-inner\"><img decoding=\"async\" class=\"swiper-slide-image\" src=\"https:\/\/epsai.com.ar\/sitioweb\/wp-content\/uploads\/2022\/08\/ecoquip1-300x181.jpg\" alt=\"ecoquip1\" \/><\/figure><\/a><\/div><div class=\"swiper-slide\" role=\"group\" aria-roledescription=\"slide\" aria-label=\"2 de 2\"><a data-elementor-open-lightbox=\"yes\" data-elementor-lightbox-slideshow=\"454d0bf\" data-elementor-lightbox-title=\"ecoquip2\" data-e-action-hash=\"#elementor-action%3Aaction%3Dlightbox%26settings%3DeyJpZCI6MzY2LCJ1cmwiOiJodHRwczpcL1wvZXBzYWkuY29tLmFyXC9zaXRpb3dlYlwvd3AtY29udGVudFwvdXBsb2Fkc1wvMjAyMlwvMDhcL2Vjb3F1aXAyLmpwZyIsInNsaWRlc2hvdyI6IjQ1NGQwYmYifQ%3D%3D\" href=\"https:\/\/epsai.com.ar\/sitioweb\/wp-content\/uploads\/2022\/08\/ecoquip2.jpg\"><figure class=\"swiper-slide-inner\"><img decoding=\"async\" class=\"swiper-slide-image\" src=\"https:\/\/epsai.com.ar\/sitioweb\/wp-content\/uploads\/2022\/08\/ecoquip2-300x181.jpg\" alt=\"ecoquip2\" \/><\/figure><\/a><\/div>\t\t\t<\/div>\n\t\t\t\t\t\t\t\t\t\t\t\t<div class=\"elementor-swiper-button elementor-swiper-button-prev\" role=\"button\" tabindex=\"0\">\n\t\t\t\t\t\t<i aria-hidden=\"true\" class=\"eicon-chevron-left\"><\/i>\t\t\t\t\t<\/div>\n\t\t\t\t\t<div class=\"elementor-swiper-button elementor-swiper-button-next\" role=\"button\" tabindex=\"0\">\n\t\t\t\t\t\t<i aria-hidden=\"true\" class=\"eicon-chevron-right\"><\/i>\t\t\t\t\t<\/div>\n\t\t\t\t\n\t\t\t\t\t\t\t\t\t<div class=\"swiper-pagination\"><\/div>\n\t\t\t\t\t\t\t\t\t<\/div>\n\t\t\t\t\t\t<\/div>\n\t\t\t\t<\/div>\n\t\t\t\t\t<\/div>\n\t\t<\/div>\n\t\t\t\t\t<\/div>\n\t\t<\/section>\n\t\t\t\t\t<\/div>\n\t\t<\/div>\n\t\t\t\t\t<\/div>\n\t\t<\/section>\n\t\t\t\t<section class=\"elementor-section elementor-top-section elementor-element elementor-element-b865666 elementor-section-full_width animated-slow elementor-section-height-default elementor-section-height-default elementor-invisible\" data-id=\"b865666\" data-element_type=\"section\" data-e-type=\"section\" data-settings=\"{&quot;background_background&quot;:&quot;classic&quot;,&quot;animation&quot;:&quot;bounceIn&quot;}\">\n\t\t\t\t\t\t<div class=\"elementor-container elementor-column-gap-default\">\n\t\t\t\t\t<div class=\"elementor-column elementor-col-100 elementor-top-column elementor-element elementor-element-8e4a589\" data-id=\"8e4a589\" data-element_type=\"column\" data-e-type=\"column\">\n\t\t\t<div class=\"elementor-widget-wrap elementor-element-populated\">\n\t\t\t\t\t\t<div class=\"elementor-element elementor-element-7b86b09 elementor-widget elementor-widget-heading\" data-id=\"7b86b09\" data-element_type=\"widget\" data-e-type=\"widget\" data-widget_type=\"heading.default\">\n\t\t\t\t<div class=\"elementor-widget-container\">\n\t\t\t\t\t<h2 class=\"elementor-heading-title elementor-size-default\">CYM \u00b7 HIDROCARBO LIMPIADOR<\/h2>\t\t\t\t<\/div>\n\t\t\t\t<\/div>\n\t\t\t\t<section class=\"elementor-section elementor-inner-section elementor-element elementor-element-d7b6984 elementor-section-boxed elementor-section-height-default elementor-section-height-default\" data-id=\"d7b6984\" data-element_type=\"section\" data-e-type=\"section\">\n\t\t\t\t\t\t<div class=\"elementor-container elementor-column-gap-default\">\n\t\t\t\t\t<div class=\"elementor-column elementor-col-100 elementor-inner-column elementor-element elementor-element-5f24234\" data-id=\"5f24234\" data-element_type=\"column\" data-e-type=\"column\">\n\t\t\t<div class=\"elementor-widget-wrap elementor-element-populated\">\n\t\t\t\t\t\t<div class=\"elementor-element elementor-element-59d5a02 elementor-widget elementor-widget-text-editor\" data-id=\"59d5a02\" data-element_type=\"widget\" data-e-type=\"widget\" data-widget_type=\"text-editor.default\">\n\t\t\t\t<div class=\"elementor-widget-container\">\n\t\t\t\t\t\t\t\t\t<p>Es un proceso de granallado con abrasivos livianos (bicarbonato de sodio) soluble al agua, que no contamina ni es t\u00f3xico y no genera chispas.<br \/>Ahorra tiempo y mano de obra en procesos de limpieza o preparaci\u00f3n de superficies, elimina cualquier revestimiento o contaminante adherido a cualquier tipo de superficie (acero, pl\u00e1sticos, fibra de vidrio, concreto, ladrillos, m\u00e1rmol).<\/p>\t\t\t\t\t\t\t\t<\/div>\n\t\t\t\t<\/div>\n\t\t\t\t<div class=\"elementor-element elementor-element-31a0026 elementor-arrows-position-inside elementor-pagination-position-outside elementor-widget elementor-widget-image-carousel\" data-id=\"31a0026\" data-element_type=\"widget\" data-e-type=\"widget\" data-settings=\"{&quot;slides_to_show&quot;:&quot;3&quot;,&quot;navigation&quot;:&quot;both&quot;,&quot;autoplay&quot;:&quot;yes&quot;,&quot;pause_on_hover&quot;:&quot;yes&quot;,&quot;pause_on_interaction&quot;:&quot;yes&quot;,&quot;autoplay_speed&quot;:5000,&quot;infinite&quot;:&quot;yes&quot;,&quot;speed&quot;:500}\" data-widget_type=\"image-carousel.default\">\n\t\t\t\t<div class=\"elementor-widget-container\">\n\t\t\t\t\t\t\t<div class=\"elementor-image-carousel-wrapper swiper\" role=\"region\" aria-roledescription=\"carousel\" aria-label=\"Carrusel de im\u00e1genes\" dir=\"ltr\">\n\t\t\t<div class=\"elementor-image-carousel swiper-wrapper\" aria-live=\"off\">\n\t\t\t\t\t\t\t\t<div class=\"swiper-slide\" role=\"group\" aria-roledescription=\"slide\" aria-label=\"1 de 4\"><a data-elementor-open-lightbox=\"yes\" data-elementor-lightbox-slideshow=\"31a0026\" data-elementor-lightbox-title=\"Hidrocarbon1\" data-e-action-hash=\"#elementor-action%3Aaction%3Dlightbox%26settings%3DeyJpZCI6MzcxLCJ1cmwiOiJodHRwczpcL1wvZXBzYWkuY29tLmFyXC9zaXRpb3dlYlwvd3AtY29udGVudFwvdXBsb2Fkc1wvMjAyMlwvMDhcL0hpZHJvY2FyYm9uMS5qcGciLCJzbGlkZXNob3ciOiIzMWEwMDI2In0%3D\" href=\"https:\/\/epsai.com.ar\/sitioweb\/wp-content\/uploads\/2022\/08\/Hidrocarbon1.jpg\"><figure class=\"swiper-slide-inner\"><img decoding=\"async\" class=\"swiper-slide-image\" src=\"https:\/\/epsai.com.ar\/sitioweb\/wp-content\/uploads\/2022\/08\/Hidrocarbon1-300x181.jpg\" alt=\"Hidrocarbon1\" \/><\/figure><\/a><\/div><div class=\"swiper-slide\" role=\"group\" aria-roledescription=\"slide\" aria-label=\"2 de 4\"><a data-elementor-open-lightbox=\"yes\" data-elementor-lightbox-slideshow=\"31a0026\" data-elementor-lightbox-title=\"Hidrocarbon2\" data-e-action-hash=\"#elementor-action%3Aaction%3Dlightbox%26settings%3DeyJpZCI6MzcyLCJ1cmwiOiJodHRwczpcL1wvZXBzYWkuY29tLmFyXC9zaXRpb3dlYlwvd3AtY29udGVudFwvdXBsb2Fkc1wvMjAyMlwvMDhcL0hpZHJvY2FyYm9uMi5qcGciLCJzbGlkZXNob3ciOiIzMWEwMDI2In0%3D\" href=\"https:\/\/epsai.com.ar\/sitioweb\/wp-content\/uploads\/2022\/08\/Hidrocarbon2.jpg\"><figure class=\"swiper-slide-inner\"><img decoding=\"async\" class=\"swiper-slide-image\" src=\"https:\/\/epsai.com.ar\/sitioweb\/wp-content\/uploads\/2022\/08\/Hidrocarbon2-300x181.jpg\" alt=\"Hidrocarbon2\" \/><\/figure><\/a><\/div><div class=\"swiper-slide\" role=\"group\" aria-roledescription=\"slide\" aria-label=\"3 de 4\"><a data-elementor-open-lightbox=\"yes\" data-elementor-lightbox-slideshow=\"31a0026\" data-elementor-lightbox-title=\"Hidrocarbon3\" data-e-action-hash=\"#elementor-action%3Aaction%3Dlightbox%26settings%3DeyJpZCI6MzczLCJ1cmwiOiJodHRwczpcL1wvZXBzYWkuY29tLmFyXC9zaXRpb3dlYlwvd3AtY29udGVudFwvdXBsb2Fkc1wvMjAyMlwvMDhcL0hpZHJvY2FyYm9uMy5qcGciLCJzbGlkZXNob3ciOiIzMWEwMDI2In0%3D\" href=\"https:\/\/epsai.com.ar\/sitioweb\/wp-content\/uploads\/2022\/08\/Hidrocarbon3.jpg\"><figure class=\"swiper-slide-inner\"><img decoding=\"async\" class=\"swiper-slide-image\" src=\"https:\/\/epsai.com.ar\/sitioweb\/wp-content\/uploads\/2022\/08\/Hidrocarbon3-300x181.jpg\" alt=\"Hidrocarbon3\" \/><\/figure><\/a><\/div><div class=\"swiper-slide\" role=\"group\" aria-roledescription=\"slide\" aria-label=\"4 de 4\"><a data-elementor-open-lightbox=\"yes\" data-elementor-lightbox-slideshow=\"31a0026\" data-elementor-lightbox-title=\"Hidrocarbon4\" data-e-action-hash=\"#elementor-action%3Aaction%3Dlightbox%26settings%3DeyJpZCI6Mzc0LCJ1cmwiOiJodHRwczpcL1wvZXBzYWkuY29tLmFyXC9zaXRpb3dlYlwvd3AtY29udGVudFwvdXBsb2Fkc1wvMjAyMlwvMDhcL0hpZHJvY2FyYm9uNC5qcGciLCJzbGlkZXNob3ciOiIzMWEwMDI2In0%3D\" href=\"https:\/\/epsai.com.ar\/sitioweb\/wp-content\/uploads\/2022\/08\/Hidrocarbon4.jpg\"><figure class=\"swiper-slide-inner\"><img decoding=\"async\" class=\"swiper-slide-image\" src=\"https:\/\/epsai.com.ar\/sitioweb\/wp-content\/uploads\/2022\/08\/Hidrocarbon4-300x181.jpg\" alt=\"Hidrocarbon4\" \/><\/figure><\/a><\/div>\t\t\t<\/div>\n\t\t\t\t\t\t\t\t\t\t\t\t<div class=\"elementor-swiper-button elementor-swiper-button-prev\" role=\"button\" tabindex=\"0\">\n\t\t\t\t\t\t<i aria-hidden=\"true\" class=\"eicon-chevron-left\"><\/i>\t\t\t\t\t<\/div>\n\t\t\t\t\t<div class=\"elementor-swiper-button elementor-swiper-button-next\" role=\"button\" tabindex=\"0\">\n\t\t\t\t\t\t<i aria-hidden=\"true\" class=\"eicon-chevron-right\"><\/i>\t\t\t\t\t<\/div>\n\t\t\t\t\n\t\t\t\t\t\t\t\t\t<div class=\"swiper-pagination\"><\/div>\n\t\t\t\t\t\t\t\t\t<\/div>\n\t\t\t\t\t\t<\/div>\n\t\t\t\t<\/div>\n\t\t\t\t\t<\/div>\n\t\t<\/div>\n\t\t\t\t\t<\/div>\n\t\t<\/section>\n\t\t\t\t\t<\/div>\n\t\t<\/div>\n\t\t\t\t\t<\/div>\n\t\t<\/section>\n\t\t\t\t<\/div>\n\t\t","protected":false},"excerpt":{"rendered":"<p>PREPARACI\u00d3N DE SUPERFICIES EPSAI \u00b7 Pinturas y Recubrimientos \u00b7 Venta \u00b7 Aplicaci\u00f3n \u00b7 Servicios PREPARACI\u00d3N DE SUPERFICIES ECOQUIP \u00b7 HIDROARENADO De acuerdo a los requerimientos necesarios realizamos la preparaci\u00f3n de las superficies a pintar utilizando arenado de \u00faltima generaci\u00f3n (ECOQUIP), lavado a presi\u00f3n y con bicarbonato, hidroarenado y preparaciones manual-mec\u00e1nicas. Anterior Siguiente CYM \u00b7 HIDROCARBO [&hellip;]<\/p>\n","protected":false},"author":2,"featured_media":0,"parent":0,"menu_order":0,"comment_status":"closed","ping_status":"closed","template":"","meta":{"site-sidebar-layout":"no-sidebar","site-content-layout":"page-builder","ast-site-content-layout":"default","site-content-style":"default","site-sidebar-style":"default","ast-global-header-display":"","ast-banner-title-visibility":"","ast-main-header-display":"","ast-hfb-above-header-display":"","ast-hfb-below-header-display":"","ast-hfb-mobile-header-display":"","site-post-title":"disabled","ast-breadcrumbs-content":"","ast-featured-img":"disabled","footer-sml-layout":"","ast-disable-related-posts":"","theme-transparent-header-meta":"","adv-header-id-meta":"","stick-header-meta":"","header-above-stick-meta":"","header-main-stick-meta":"","header-below-stick-meta":"","astra-migrate-meta-layouts":"default","ast-page-background-enabled":"default","ast-page-background-meta":{"desktop":{"background-color":"var(--ast-global-color-4)","background-image":"","background-repeat":"repeat","background-position":"center center","background-size":"auto","background-attachment":"scroll","background-type":"","background-media":"","overlay-type":"","overlay-color":"","overlay-opacity":"","overlay-gradient":""},"tablet":{"background-color":"","background-image":"","background-repeat":"repeat","background-position":"center center","background-size":"auto","background-attachment":"scroll","background-type":"","background-media":"","overlay-type":"","overlay-color":"","overlay-opacity":"","overlay-gradient":""},"mobile":{"background-color":"","background-image":"","background-repeat":"repeat","background-position":"center center","background-size":"auto","background-attachment":"scroll","background-type":"","background-media":"","overlay-type":"","overlay-color":"","overlay-opacity":"","overlay-gradient":""}},"ast-content-background-meta":{"desktop":{"background-color":"var(--ast-global-color-5)","background-image":"","background-repeat":"repeat","background-position":"center center","background-size":"auto","background-attachment":"scroll","background-type":"","background-media":"","overlay-type":"","overlay-color":"","overlay-opacity":"","overlay-gradient":""},"tablet":{"background-color":"var(--ast-global-color-5)","background-image":"","background-repeat":"repeat","background-position":"center center","background-size":"auto","background-attachment":"scroll","background-type":"","background-media":"","overlay-type":"","overlay-color":"","overlay-opacity":"","overlay-gradient":""},"mobile":{"background-color":"var(--ast-global-color-5)","background-image":"","background-repeat":"repeat","background-position":"center center","background-size":"auto","background-attachment":"scroll","background-type":"","background-media":"","overlay-type":"","overlay-color":"","overlay-opacity":"","overlay-gradient":""}},"footnotes":""},"class_list":["post-93","page","type-page","status-publish","hentry"],"_links":{"self":[{"href":"https:\/\/epsai.com.ar\/sitioweb\/wp-json\/wp\/v2\/pages\/93","targetHints":{"allow":["GET"]}}],"collection":[{"href":"https:\/\/epsai.com.ar\/sitioweb\/wp-json\/wp\/v2\/pages"}],"about":[{"href":"https:\/\/epsai.com.ar\/sitioweb\/wp-json\/wp\/v2\/types\/page"}],"author":[{"embeddable":true,"href":"https:\/\/epsai.com.ar\/sitioweb\/wp-json\/wp\/v2\/users\/2"}],"replies":[{"embeddable":true,"href":"https:\/\/epsai.com.ar\/sitioweb\/wp-json\/wp\/v2\/comments?post=93"}],"version-history":[{"count":25,"href":"https:\/\/epsai.com.ar\/sitioweb\/wp-json\/wp\/v2\/pages\/93\/revisions"}],"predecessor-version":[{"id":535,"href":"https:\/\/epsai.com.ar\/sitioweb\/wp-json\/wp\/v2\/pages\/93\/revisions\/535"}],"wp:attachment":[{"href":"https:\/\/epsai.com.ar\/sitioweb\/wp-json\/wp\/v2\/media?parent=93"}],"curies":[{"name":"wp","href":"https:\/\/api.w.org\/{rel}","templated":true}]}}